{"id":13,"date":"2015-02-19T14:54:10","date_gmt":"2015-02-19T14:54:10","guid":{"rendered":"http:\/\/vu2019.admin.tibold.com\/?page_id=13"},"modified":"2026-03-23T14:03:51","modified_gmt":"2026-03-23T13:03:51","slug":"kontakt","status":"publish","type":"page","link":"https:\/\/www.kuerbis.lu\/?page_id=13","title":{"rendered":"K\u00dcRBISFR\u00cbNN"},"content":{"rendered":"<p>S\u00e4it 2003 steet zu Biereng all Joer am September de K\u00fcrbis am M\u00ebttelpunkt. Duerch eng eegen Ziichtung vun Iess- an Zierk\u00fcrbisse w\u00ebllen d&#8217;K\u00fcrbisfr\u00ebnn d&#8217;Virzig vun d\u00e4r wonnerbarer Fruucht weisen.<\/p>\n<p>Duerch d&#8217;Kreatioun an d&#8217;Ubidde vun enger Vielfalt u K\u00fcrbisproduiten, w\u00e9i \u00ebnner anerem K\u00fcrbiszopp, K\u00fcrbiskichelcher, K\u00fcrbishamburger, K\u00fcrbis\u00e9clair, K\u00fcrbistaart a -kuch a K\u00fcrbismourek\u00e4pp hu mir och vill Visiteure op de K\u00fcrbis-Go\u00fbt&nbsp; bruecht.<\/p>\n<p>All Joer g\u00ebtt et och fr\u00ebsche K\u00fcrbissecco, dee mir just fir eist Fest produz\u00e9iere loossen.<\/p>\n<p>D&#8217;K\u00fcrbisfr\u00ebnn schaffen ee ganzt Joer iwwer dorunner fir am September nees ee sch\u00e9int Familljefest op d&#8217;Been ze stellen a sech fir de K\u00fcrbis staark ze maachen.<\/p>\n<p>Op bal 2 Hektar gi Planze gesat an d&#8217;Fruucht g\u00ebtt um K\u00fcrbisweekend verkaf.<\/p>\n<p>D&#8217;K\u00fcrbisfr\u00ebnn sinn eng Asbl, sou dass deen allergr\u00e9issten Deel un d&#8217;Ver\u00e4iner geet, d\u00e9i h\u00ebllefen.&nbsp;<\/p>\n<p>Mat de Jore konnte mir och Maschinne kafen, d\u00e9i eis d&#8217;Aarbecht an de St\u00e9cker vereinfacht hunn: eng Maschinn fir de Plastik ze verlee\u00ebn an eng Maschinn fir d&#8217;Planzen ze setzen.<\/p>\n<p>Mir hoffen, och d\u00ebst Joer nees op ee groussen Erfolleg an op \u00c4r Visite, de <strong>19. &amp; 20. September 2026<\/strong>&nbsp;zu Biereng.<\/p>\n<p>D&#8217;K\u00fcrbisfr\u00ebnn soe jidderengem VILLMOOLS MERCI, dee gehollef huet, dass och de K\u00fcrbisweekend 2026 nees ee groussen Erfolleg gouf!<\/p>\n<p><a href=\"http:\/\/www.kuerbis.lu\/wp-content\/uploads\/2026\/03\/PHOTO-2026-03-12-08-00-03.jpg\"><img loading=\"lazy\" decoding=\"async\" data-attachment-id=\"3803\" data-permalink=\"https:\/\/www.kuerbis.lu\/?attachment_id=3803\" data-orig-file=\"https:\/\/www.kuerbis.lu\/wp-content\/uploads\/2026\/03\/PHOTO-2026-03-12-08-00-03.jpg\" data-orig-size=\"2040,1148\" data-comments-opened=\"0\" data-image-meta=\"{&quot;aperture&quot;:&quot;0&quot;,&quot;credit&quot;:&quot;&quot;,&quot;camera&quot;:&quot;&quot;,&quot;caption&quot;:&quot;&quot;,&quot;created_timestamp&quot;:&quot;0&quot;,&quot;copyright&quot;:&quot;&quot;,&quot;focal_length&quot;:&quot;0&quot;,&quot;iso&quot;:&quot;0&quot;,&quot;shutter_speed&quot;:&quot;0&quot;,&quot;title&quot;:&quot;&quot;,&quot;orientation&quot;:&quot;0&quot;}\" data-image-title=\"PHOTO-2026-03-12-08-00-03\" data-image-description=\"\" data-image-caption=\"\" data-medium-file=\"https:\/\/www.kuerbis.lu\/wp-content\/uploads\/2026\/03\/PHOTO-2026-03-12-08-00-03-300x169.jpg\" data-large-file=\"https:\/\/www.kuerbis.lu\/wp-content\/uploads\/2026\/03\/PHOTO-2026-03-12-08-00-03-1024x576.jpg\" tabindex=\"0\" role=\"button\" class=\"aligncenter size-large wp-image-3803\" src=\"http:\/\/www.kuerbis.lu\/wp-content\/uploads\/2026\/03\/PHOTO-2026-03-12-08-00-03-1024x576.jpg\" alt=\"\" width=\"768\" height=\"432\" srcset=\"https:\/\/www.kuerbis.lu\/wp-content\/uploads\/2026\/03\/PHOTO-2026-03-12-08-00-03-1024x576.jpg 1024w, https:\/\/www.kuerbis.lu\/wp-content\/uploads\/2026\/03\/PHOTO-2026-03-12-08-00-03-300x169.jpg 300w, https:\/\/www.kuerbis.lu\/wp-content\/uploads\/2026\/03\/PHOTO-2026-03-12-08-00-03-768x432.jpg 768w, https:\/\/www.kuerbis.lu\/wp-content\/uploads\/2026\/03\/PHOTO-2026-03-12-08-00-03-1536x864.jpg 1536w, https:\/\/www.kuerbis.lu\/wp-content\/uploads\/2026\/03\/PHOTO-2026-03-12-08-00-03.jpg 2040w\" sizes=\"(max-width: 768px) 100vw, 768px\" \/><\/a><\/p>\n<p>&nbsp;<\/p>\n<p style=\"text-align: center;\">&nbsp;<\/p>\n\n\n<p><strong>Vun l\u00ebnks no riets: <\/strong>J\u00f5ao, Pierre, Simone (Simi), Kevin, Francine, Tom<\/p>\n\n\n\n<p><\/p>\n","protected":false},"excerpt":{"rendered":"<p>S\u00e4it 2003 steet zu Biereng all Joer am September de K\u00fcrbis am M\u00ebttelpunkt. Duerch eng eegen Ziichtung vun Iess- an Zierk\u00fcrbisse w\u00ebllen d&#8217;K\u00fcrbisfr\u00ebnn d&#8217;Virzig vun d\u00e4r wonnerbarer Fruucht weisen. Duerch d&#8217;Kreatioun an d&#8217;Ubidde vun enger Vielfalt u K\u00fcrbisproduiten, w\u00e9i \u00ebnner anerem K\u00fcrbiszopp, K\u00fcrbiskichelcher, K\u00fcrbishamburger, K\u00fcrbis\u00e9clair, K\u00fcrbistaart a -kuch a K\u00fcrbismourek\u00e4pp hu mir och vill Visiteure [&hellip;]<\/p>\n","protected":false},"author":1,"featured_media":0,"parent":0,"menu_order":0,"comment_status":"open","ping_status":"open","template":"","meta":{"ngg_post_thumbnail":0,"jetpack_post_was_ever_published":false,"footnotes":""},"class_list":["post-13","page","type-page","status-publish","hentry"],"jetpack_sharing_enabled":true,"jetpack_shortlink":"https:\/\/wp.me\/P5Qynt-d","jetpack_likes_enabled":true,"_links":{"self":[{"href":"https:\/\/www.kuerbis.lu\/index.php?rest_route=\/wp\/v2\/pages\/13"}],"collection":[{"href":"https:\/\/www.kuerbis.lu\/index.php?rest_route=\/wp\/v2\/pages"}],"about":[{"href":"https:\/\/www.kuerbis.lu\/index.php?rest_route=\/wp\/v2\/types\/page"}],"author":[{"embeddable":true,"href":"https:\/\/www.kuerbis.lu\/index.php?rest_route=\/wp\/v2\/users\/1"}],"replies":[{"embeddable":true,"href":"https:\/\/www.kuerbis.lu\/index.php?rest_route=%2Fwp%2Fv2%2Fcomments&post=13"}],"version-history":[{"count":36,"href":"https:\/\/www.kuerbis.lu\/index.php?rest_route=\/wp\/v2\/pages\/13\/revisions"}],"predecessor-version":[{"id":3804,"href":"https:\/\/www.kuerbis.lu\/index.php?rest_route=\/wp\/v2\/pages\/13\/revisions\/3804"}],"wp:attachment":[{"href":"https:\/\/www.kuerbis.lu\/index.php?rest_route=%2Fwp%2Fv2%2Fmedia&parent=13"}],"curies":[{"name":"wp","href":"https:\/\/api.w.org\/{rel}","templated":true}]}}