{"id":2911,"date":"2018-09-03T19:33:19","date_gmt":"2018-09-03T17:33:19","guid":{"rendered":"http:\/\/www.kuerbis.lu\/?page_id=2911"},"modified":"2026-03-23T13:56:17","modified_gmt":"2026-03-23T12:56:17","slug":"flyer-2018","status":"publish","type":"page","link":"https:\/\/www.kuerbis.lu\/?page_id=2911","title":{"rendered":"INFORMATIOUNEN 2026"},"content":{"rendered":"\n<blockquote class=\"wp-block-quote is-layout-flow wp-block-quote-is-layout-flow\">\n<figure class=\"wp-block-image size-large\"><a href=\"http:\/\/www.kuerbis.lu\/wp-content\/uploads\/2025\/09\/Payement.jpg\"><img loading=\"lazy\" decoding=\"async\" width=\"730\" height=\"1024\" data-attachment-id=\"3766\" data-permalink=\"https:\/\/www.kuerbis.lu\/?attachment_id=3766\" data-orig-file=\"https:\/\/www.kuerbis.lu\/wp-content\/uploads\/2025\/09\/Payement.jpg\" data-orig-size=\"828,1162\" data-comments-opened=\"0\" data-image-meta=\"{&quot;aperture&quot;:&quot;0&quot;,&quot;credit&quot;:&quot;&quot;,&quot;camera&quot;:&quot;&quot;,&quot;caption&quot;:&quot;&quot;,&quot;created_timestamp&quot;:&quot;0&quot;,&quot;copyright&quot;:&quot;&quot;,&quot;focal_length&quot;:&quot;0&quot;,&quot;iso&quot;:&quot;0&quot;,&quot;shutter_speed&quot;:&quot;0&quot;,&quot;title&quot;:&quot;&quot;,&quot;orientation&quot;:&quot;1&quot;}\" data-image-title=\"Payement\" data-image-description=\"\" data-image-caption=\"\" data-medium-file=\"https:\/\/www.kuerbis.lu\/wp-content\/uploads\/2025\/09\/Payement-214x300.jpg\" data-large-file=\"https:\/\/www.kuerbis.lu\/wp-content\/uploads\/2025\/09\/Payement-730x1024.jpg\" tabindex=\"0\" role=\"button\" src=\"http:\/\/www.kuerbis.lu\/wp-content\/uploads\/2025\/09\/Payement-730x1024.jpg\" alt=\"\" class=\"wp-image-3766\" srcset=\"https:\/\/www.kuerbis.lu\/wp-content\/uploads\/2025\/09\/Payement-730x1024.jpg 730w, https:\/\/www.kuerbis.lu\/wp-content\/uploads\/2025\/09\/Payement-214x300.jpg 214w, https:\/\/www.kuerbis.lu\/wp-content\/uploads\/2025\/09\/Payement-768x1078.jpg 768w, https:\/\/www.kuerbis.lu\/wp-content\/uploads\/2025\/09\/Payement.jpg 828w\" sizes=\"(max-width: 730px) 100vw, 730px\" \/><\/a><\/figure>\n\n\n\n<p><\/p>\n\n\n\n<h2 class=\"wp-block-heading\">Fier eis Emwelt<\/h2>\n\n\n\n<p><\/p>\n<\/blockquote>\n\n\n\n<figure class=\"wp-block-image size-full\"><a href=\"https:\/\/www.kuerbis.lu\/wp-content\/uploads\/2025\/09\/Bring-your-own-bag.jpg\"><img loading=\"lazy\" decoding=\"async\" width=\"481\" height=\"721\" data-attachment-id=\"3754\" data-permalink=\"https:\/\/www.kuerbis.lu\/?attachment_id=3754\" data-orig-file=\"https:\/\/www.kuerbis.lu\/wp-content\/uploads\/2025\/09\/Bring-your-own-bag.jpg\" data-orig-size=\"481,721\" data-comments-opened=\"0\" data-image-meta=\"{&quot;aperture&quot;:&quot;0&quot;,&quot;credit&quot;:&quot;&quot;,&quot;camera&quot;:&quot;&quot;,&quot;caption&quot;:&quot;&quot;,&quot;created_timestamp&quot;:&quot;0&quot;,&quot;copyright&quot;:&quot;&quot;,&quot;focal_length&quot;:&quot;0&quot;,&quot;iso&quot;:&quot;0&quot;,&quot;shutter_speed&quot;:&quot;0&quot;,&quot;title&quot;:&quot;&quot;,&quot;orientation&quot;:&quot;0&quot;}\" data-image-title=\"Bring your own bag\" data-image-description=\"\" data-image-caption=\"\" data-medium-file=\"https:\/\/www.kuerbis.lu\/wp-content\/uploads\/2025\/09\/Bring-your-own-bag-200x300.jpg\" data-large-file=\"https:\/\/www.kuerbis.lu\/wp-content\/uploads\/2025\/09\/Bring-your-own-bag.jpg\" tabindex=\"0\" role=\"button\" src=\"https:\/\/www.kuerbis.lu\/wp-content\/uploads\/2025\/09\/Bring-your-own-bag.jpg\" alt=\"\" class=\"wp-image-3754\" srcset=\"https:\/\/www.kuerbis.lu\/wp-content\/uploads\/2025\/09\/Bring-your-own-bag.jpg 481w, https:\/\/www.kuerbis.lu\/wp-content\/uploads\/2025\/09\/Bring-your-own-bag-200x300.jpg 200w\" sizes=\"(max-width: 481px) 100vw, 481px\" \/><\/a><\/figure>\n\n\n<h1>&nbsp;<\/h1>\n<h1>Riesenk\u00fcrbismeeschterschaft 2026<\/h1>\n<p><a href=\"http:\/\/www.kuerbis.lu\/wp-content\/uploads\/2023\/08\/Kuerbisweihen.png\"><img loading=\"lazy\" decoding=\"async\" data-attachment-id=\"3713\" data-permalink=\"https:\/\/www.kuerbis.lu\/?attachment_id=3713\" data-orig-file=\"https:\/\/www.kuerbis.lu\/wp-content\/uploads\/2023\/08\/Kuerbisweihen.png\" data-orig-size=\"413,620\" data-comments-opened=\"0\" data-image-meta=\"{&quot;aperture&quot;:&quot;0&quot;,&quot;credit&quot;:&quot;&quot;,&quot;camera&quot;:&quot;&quot;,&quot;caption&quot;:&quot;&quot;,&quot;created_timestamp&quot;:&quot;0&quot;,&quot;copyright&quot;:&quot;&quot;,&quot;focal_length&quot;:&quot;0&quot;,&quot;iso&quot;:&quot;0&quot;,&quot;shutter_speed&quot;:&quot;0&quot;,&quot;title&quot;:&quot;&quot;,&quot;orientation&quot;:&quot;0&quot;}\" data-image-title=\"K\u00fcrbisweihen\" data-image-description=\"\" data-image-caption=\"\" data-medium-file=\"https:\/\/www.kuerbis.lu\/wp-content\/uploads\/2023\/08\/Kuerbisweihen-200x300.png\" data-large-file=\"https:\/\/www.kuerbis.lu\/wp-content\/uploads\/2023\/08\/Kuerbisweihen.png\" tabindex=\"0\" role=\"button\" class=\"aligncenter size-large wp-image-3713\" src=\"http:\/\/www.kuerbis.lu\/wp-content\/uploads\/2023\/08\/Kuerbisweihen.png\" alt=\"\" width=\"413\" height=\"620\" srcset=\"https:\/\/www.kuerbis.lu\/wp-content\/uploads\/2023\/08\/Kuerbisweihen.png 413w, https:\/\/www.kuerbis.lu\/wp-content\/uploads\/2023\/08\/Kuerbisweihen-200x300.png 200w\" sizes=\"(max-width: 413px) 100vw, 413px\" \/><\/a><\/p>\n<p>Fir all dei wou wellen bei der <strong>Riesenk\u00fcrbismeeschterschft 2026<\/strong>&nbsp;matmaachen!<\/p>\n<blockquote>\n<p><strong><span style=\"color: #ff6600;\">Hei fannt Dir den Formular fir sech unzemellen.<\/span><\/strong><\/p>\n<p><a href=\"http:\/\/www.kuerbis.lu\/wp-content\/uploads\/2026\/03\/Inscriptioun-Risenkuerbismeeschterschaft-2026.pdf\">Inscriptioun Risenk\u00fcrbismeeschterschaft 2026<\/a><\/p>\n<\/blockquote>\n<p>&nbsp;<\/p>\n<p><a href=\"http:\/\/www.kuerbis.lu\/wp-content\/uploads\/2024\/09\/20240922_161145-scaled.jpg\"><img loading=\"lazy\" decoding=\"async\" data-attachment-id=\"3671\" data-permalink=\"https:\/\/www.kuerbis.lu\/?attachment_id=3671\" data-orig-file=\"https:\/\/www.kuerbis.lu\/wp-content\/uploads\/2024\/09\/20240922_161145-scaled.jpg\" data-orig-size=\"1920,2560\" data-comments-opened=\"0\" data-image-meta=\"{&quot;aperture&quot;:&quot;1.8&quot;,&quot;credit&quot;:&quot;&quot;,&quot;camera&quot;:&quot;Galaxy A55 5G&quot;,&quot;caption&quot;:&quot;&quot;,&quot;created_timestamp&quot;:&quot;1727021505&quot;,&quot;copyright&quot;:&quot;&quot;,&quot;focal_length&quot;:&quot;5.54&quot;,&quot;iso&quot;:&quot;50&quot;,&quot;shutter_speed&quot;:&quot;0.00132802124834&quot;,&quot;title&quot;:&quot;&quot;,&quot;orientation&quot;:&quot;1&quot;}\" data-image-title=\"20240922_161145\" data-image-description=\"\" data-image-caption=\"\" data-medium-file=\"https:\/\/www.kuerbis.lu\/wp-content\/uploads\/2024\/09\/20240922_161145-225x300.jpg\" data-large-file=\"https:\/\/www.kuerbis.lu\/wp-content\/uploads\/2024\/09\/20240922_161145-768x1024.jpg\" tabindex=\"0\" role=\"button\" class=\"aligncenter  wp-image-3671\" src=\"http:\/\/www.kuerbis.lu\/wp-content\/uploads\/2024\/09\/20240922_161145-768x1024.jpg\" alt=\"\" width=\"397\" height=\"529\" srcset=\"https:\/\/www.kuerbis.lu\/wp-content\/uploads\/2024\/09\/20240922_161145-768x1024.jpg 768w, https:\/\/www.kuerbis.lu\/wp-content\/uploads\/2024\/09\/20240922_161145-225x300.jpg 225w, https:\/\/www.kuerbis.lu\/wp-content\/uploads\/2024\/09\/20240922_161145-1152x1536.jpg 1152w, https:\/\/www.kuerbis.lu\/wp-content\/uploads\/2024\/09\/20240922_161145-1536x2048.jpg 1536w, https:\/\/www.kuerbis.lu\/wp-content\/uploads\/2024\/09\/20240922_161145-scaled.jpg 1920w\" sizes=\"(max-width: 397px) 100vw, 397px\" \/><\/a><\/p>\n<p>________________________________________________________________________________________________________________<\/p>\n\n\n<p><strong>Navette 2026<\/strong><\/p>\n\n\n\n<p class=\"has-vivid-red-color has-text-color has-link-color has-medium-font-size wp-elements-3e8e30b79165c8dd1c3d5c43c83b46e0\"><strong>GRATIS Navette deen ganzen Weekend !!!<\/strong><\/p>\n\n\n\n<p class=\"has-luminous-vivid-orange-color has-text-color has-link-color wp-elements-db22419ad092643d8769b7c41e69548f\">!!! Den Bus deen ob d&#8217;Gare fiert, hellt iech beim <strong>Parkhaus<\/strong> vun der Gare mat eweg !!!<\/p>\n\n\n\n<ul class=\"wp-block-list\">\n<li>Et fiert keen Bus firun d&#8217;Gare vun Miersch !!!<\/li>\n<\/ul>\n\n\n\n<p><\/p>\n\n\n\n<figure class=\"wp-block-image size-full\"><a href=\"https:\/\/www.kuerbis.lu\/wp-content\/uploads\/2024\/09\/Park-Ride-3.jpg\"><img loading=\"lazy\" decoding=\"async\" width=\"718\" height=\"856\" data-attachment-id=\"3643\" data-permalink=\"https:\/\/www.kuerbis.lu\/?attachment_id=3643\" data-orig-file=\"https:\/\/www.kuerbis.lu\/wp-content\/uploads\/2024\/09\/Park-Ride-3.jpg\" data-orig-size=\"718,856\" data-comments-opened=\"0\" data-image-meta=\"{&quot;aperture&quot;:&quot;0&quot;,&quot;credit&quot;:&quot;Tom Kies&quot;,&quot;camera&quot;:&quot;&quot;,&quot;caption&quot;:&quot;&quot;,&quot;created_timestamp&quot;:&quot;1725872957&quot;,&quot;copyright&quot;:&quot;&quot;,&quot;focal_length&quot;:&quot;0&quot;,&quot;iso&quot;:&quot;0&quot;,&quot;shutter_speed&quot;:&quot;0&quot;,&quot;title&quot;:&quot;&quot;,&quot;orientation&quot;:&quot;0&quot;}\" data-image-title=\"Park &#038; Ride\" data-image-description=\"\" data-image-caption=\"\" data-medium-file=\"https:\/\/www.kuerbis.lu\/wp-content\/uploads\/2024\/09\/Park-Ride-3-252x300.jpg\" data-large-file=\"https:\/\/www.kuerbis.lu\/wp-content\/uploads\/2024\/09\/Park-Ride-3.jpg\" tabindex=\"0\" role=\"button\" src=\"https:\/\/www.kuerbis.lu\/wp-content\/uploads\/2024\/09\/Park-Ride-3.jpg\" alt=\"\" class=\"wp-image-3643\" srcset=\"https:\/\/www.kuerbis.lu\/wp-content\/uploads\/2024\/09\/Park-Ride-3.jpg 718w, https:\/\/www.kuerbis.lu\/wp-content\/uploads\/2024\/09\/Park-Ride-3-252x300.jpg 252w\" sizes=\"(max-width: 718px) 100vw, 718px\" \/><\/a><\/figure>\n\n\n\n<\/h1>\n&nbsp;\n<h1>\n\n\n<\/h1>","protected":false},"excerpt":{"rendered":"<p>&nbsp; Riesenk\u00fcrbismeeschterschaft 2026 Fir all dei wou wellen bei der Riesenk\u00fcrbismeeschterschft 2026&nbsp;matmaachen! Hei fannt Dir den Formular fir sech unzemellen. Inscriptioun Risenk\u00fcrbismeeschterschaft 2026 &nbsp; ________________________________________________________________________________________________________________ Navette 2026 GRATIS Navette deen ganzen Weekend !!! !!! Den Bus deen ob d&#8217;Gare fiert, hellt iech beim Parkhaus vun der Gare mat eweg !!! &nbsp;<\/p>\n","protected":false},"author":1,"featured_media":0,"parent":0,"menu_order":0,"comment_status":"closed","ping_status":"closed","template":"","meta":{"ngg_post_thumbnail":0,"jetpack_post_was_ever_published":false,"footnotes":""},"class_list":["post-2911","page","type-page","status-publish","hentry"],"jetpack_sharing_enabled":true,"jetpack_shortlink":"https:\/\/wp.me\/P5Qynt-KX","jetpack_likes_enabled":true,"_links":{"self":[{"href":"https:\/\/www.kuerbis.lu\/index.php?rest_route=\/wp\/v2\/pages\/2911"}],"collection":[{"href":"https:\/\/www.kuerbis.lu\/index.php?rest_route=\/wp\/v2\/pages"}],"about":[{"href":"https:\/\/www.kuerbis.lu\/index.php?rest_route=\/wp\/v2\/types\/page"}],"author":[{"embeddable":true,"href":"https:\/\/www.kuerbis.lu\/index.php?rest_route=\/wp\/v2\/users\/1"}],"replies":[{"embeddable":true,"href":"https:\/\/www.kuerbis.lu\/index.php?rest_route=%2Fwp%2Fv2%2Fcomments&post=2911"}],"version-history":[{"count":35,"href":"https:\/\/www.kuerbis.lu\/index.php?rest_route=\/wp\/v2\/pages\/2911\/revisions"}],"predecessor-version":[{"id":3797,"href":"https:\/\/www.kuerbis.lu\/index.php?rest_route=\/wp\/v2\/pages\/2911\/revisions\/3797"}],"wp:attachment":[{"href":"https:\/\/www.kuerbis.lu\/index.php?rest_route=%2Fwp%2Fv2%2Fmedia&parent=2911"}],"curies":[{"name":"wp","href":"https:\/\/api.w.org\/{rel}","templated":true}]}}