{"id":497,"date":"2015-02-20T19:30:37","date_gmt":"2015-02-20T18:30:37","guid":{"rendered":"http:\/\/vu2019.admin.tibold.com\/?page_id=497"},"modified":"2015-08-14T19:12:07","modified_gmt":"2015-08-14T17:12:07","slug":"links","status":"publish","type":"page","link":"https:\/\/www.kuerbis.lu\/?page_id=497","title":{"rendered":"LINKS"},"content":{"rendered":"<div id=\"indexcontent\">\n<table id=\"indexcontenttable\">\n<tbody>\n<tr>\n<td valign=\"top\">\n<div>\n<div id=\"com_content2_index\">\n<table border=\"0\" width=\"100%\" cellspacing=\"1\" cellpadding=\"1\">\n<tbody>\n<tr>\n<td><\/td>\n<td><\/td>\n<\/tr>\n<tr>\n<td><a href=\"http:\/\/www.kuerbis.lu\/wp-content\/uploads\/2015\/02\/GPC_150x151.gif\"><img loading=\"lazy\" decoding=\"async\" data-attachment-id=\"943\" data-permalink=\"https:\/\/www.kuerbis.lu\/?attachment_id=943\" data-orig-file=\"https:\/\/www.kuerbis.lu\/wp-content\/uploads\/2015\/02\/GPC_150x151.gif\" data-orig-size=\"150,151\" data-comments-opened=\"0\" data-image-meta=\"{&quot;aperture&quot;:&quot;0&quot;,&quot;credit&quot;:&quot;&quot;,&quot;camera&quot;:&quot;&quot;,&quot;caption&quot;:&quot;&quot;,&quot;created_timestamp&quot;:&quot;0&quot;,&quot;copyright&quot;:&quot;&quot;,&quot;focal_length&quot;:&quot;0&quot;,&quot;iso&quot;:&quot;0&quot;,&quot;shutter_speed&quot;:&quot;0&quot;,&quot;title&quot;:&quot;&quot;,&quot;orientation&quot;:&quot;0&quot;}\" data-image-title=\"GPC_150x151\" data-image-description=\"\" data-image-caption=\"\" data-medium-file=\"https:\/\/www.kuerbis.lu\/wp-content\/uploads\/2015\/02\/GPC_150x151.gif\" data-large-file=\"https:\/\/www.kuerbis.lu\/wp-content\/uploads\/2015\/02\/GPC_150x151.gif\" tabindex=\"0\" role=\"button\" class=\"aligncenter size-full wp-image-943\" src=\"http:\/\/www.kuerbis.lu\/wp-content\/uploads\/2015\/02\/GPC_150x151.gif\" alt=\"GPC_150x151\" width=\"150\" height=\"151\" \/><\/a><\/td>\n<td>GPC &#8211; The Great Pumpkin Commonwealth:<br \/>\ndei gr\u00e9issten international Associatioun fir Risek\u00fcrbissen<\/td>\n<\/tr>\n<tr>\n<td><a href=\"http:\/\/www.kuerbis.lu\/wp-content\/uploads\/2015\/02\/EGVGA.jpg\"><img loading=\"lazy\" decoding=\"async\" data-attachment-id=\"945\" data-permalink=\"https:\/\/www.kuerbis.lu\/?attachment_id=945\" data-orig-file=\"https:\/\/www.kuerbis.lu\/wp-content\/uploads\/2015\/02\/EGVGA.jpg\" data-orig-size=\"150,98\" data-comments-opened=\"0\" data-image-meta=\"{&quot;aperture&quot;:&quot;0&quot;,&quot;credit&quot;:&quot;&quot;,&quot;camera&quot;:&quot;&quot;,&quot;caption&quot;:&quot;&quot;,&quot;created_timestamp&quot;:&quot;0&quot;,&quot;copyright&quot;:&quot;&quot;,&quot;focal_length&quot;:&quot;0&quot;,&quot;iso&quot;:&quot;0&quot;,&quot;shutter_speed&quot;:&quot;0&quot;,&quot;title&quot;:&quot;&quot;,&quot;orientation&quot;:&quot;1&quot;}\" data-image-title=\"EGVGA\" data-image-description=\"\" data-image-caption=\"\" data-medium-file=\"https:\/\/www.kuerbis.lu\/wp-content\/uploads\/2015\/02\/EGVGA.jpg\" data-large-file=\"https:\/\/www.kuerbis.lu\/wp-content\/uploads\/2015\/02\/EGVGA.jpg\" tabindex=\"0\" role=\"button\" class=\"aligncenter size-full wp-image-945\" src=\"http:\/\/www.kuerbis.lu\/wp-content\/uploads\/2015\/02\/EGVGA.jpg\" alt=\"EGVGA\" width=\"150\" height=\"98\" \/><\/a><\/td>\n<td>EGVA &#8211; European Giant Vegetable Grower&#8217;s Association<br \/>\nden 2008 gegr\u00ebnnte Ver\u00e4in vun den europ\u00e4esche Fr\u00ebnn vu Risek\u00fcrbissen an anerem Risegem\u00e9is<\/td>\n<\/tr>\n<tr>\n<td><a href=\"http:\/\/www.kuerbis.lu\/wp-content\/uploads\/2015\/02\/newlogo_150.gif\"><img loading=\"lazy\" decoding=\"async\" data-attachment-id=\"946\" data-permalink=\"https:\/\/www.kuerbis.lu\/?attachment_id=946\" data-orig-file=\"https:\/\/www.kuerbis.lu\/wp-content\/uploads\/2015\/02\/newlogo_150.gif\" data-orig-size=\"150,45\" data-comments-opened=\"0\" data-image-meta=\"{&quot;aperture&quot;:&quot;0&quot;,&quot;credit&quot;:&quot;&quot;,&quot;camera&quot;:&quot;&quot;,&quot;caption&quot;:&quot;&quot;,&quot;created_timestamp&quot;:&quot;0&quot;,&quot;copyright&quot;:&quot;&quot;,&quot;focal_length&quot;:&quot;0&quot;,&quot;iso&quot;:&quot;0&quot;,&quot;shutter_speed&quot;:&quot;0&quot;,&quot;title&quot;:&quot;&quot;,&quot;orientation&quot;:&quot;0&quot;}\" data-image-title=\"newlogo_150\" data-image-description=\"\" data-image-caption=\"\" data-medium-file=\"https:\/\/www.kuerbis.lu\/wp-content\/uploads\/2015\/02\/newlogo_150.gif\" data-large-file=\"https:\/\/www.kuerbis.lu\/wp-content\/uploads\/2015\/02\/newlogo_150.gif\" tabindex=\"0\" role=\"button\" class=\"aligncenter size-full wp-image-946\" src=\"http:\/\/www.kuerbis.lu\/wp-content\/uploads\/2015\/02\/newlogo_150.gif\" alt=\"newlogo_150\" width=\"150\" height=\"45\" \/><\/a><\/td>\n<td>d&#8217;Mamm vun alle Risek\u00fcrbisseiten<\/td>\n<\/tr>\n<tr>\n<td>\u00a0<a href=\"http:\/\/www.kuerbis.lu\/wp-content\/uploads\/2015\/02\/Kiwanis.jpg\"><img loading=\"lazy\" decoding=\"async\" data-attachment-id=\"947\" data-permalink=\"https:\/\/www.kuerbis.lu\/?attachment_id=947\" data-orig-file=\"https:\/\/www.kuerbis.lu\/wp-content\/uploads\/2015\/02\/Kiwanis.jpg\" data-orig-size=\"150,83\" data-comments-opened=\"0\" data-image-meta=\"{&quot;aperture&quot;:&quot;0&quot;,&quot;credit&quot;:&quot;&quot;,&quot;camera&quot;:&quot;&quot;,&quot;caption&quot;:&quot;&quot;,&quot;created_timestamp&quot;:&quot;0&quot;,&quot;copyright&quot;:&quot;&quot;,&quot;focal_length&quot;:&quot;0&quot;,&quot;iso&quot;:&quot;0&quot;,&quot;shutter_speed&quot;:&quot;0&quot;,&quot;title&quot;:&quot;&quot;,&quot;orientation&quot;:&quot;1&quot;}\" data-image-title=\"Kiwanis\" data-image-description=\"\" data-image-caption=\"\" data-medium-file=\"https:\/\/www.kuerbis.lu\/wp-content\/uploads\/2015\/02\/Kiwanis.jpg\" data-large-file=\"https:\/\/www.kuerbis.lu\/wp-content\/uploads\/2015\/02\/Kiwanis.jpg\" tabindex=\"0\" role=\"button\" class=\"aligncenter size-full wp-image-947\" src=\"http:\/\/www.kuerbis.lu\/wp-content\/uploads\/2015\/02\/Kiwanis.jpg\" alt=\"Kiwanis\" width=\"150\" height=\"83\" \/><\/a><\/td>\n<td>De Kiwanis Club Uelzechtdall<\/td>\n<\/tr>\n<tr>\n<td><\/td>\n<td><\/td>\n<\/tr>\n<tr>\n<td><\/td>\n<td><\/td>\n<\/tr>\n<tr>\n<td><\/td>\n<td><\/td>\n<\/tr>\n<\/tbody>\n<\/table>\n<\/div>\n<\/div>\n<\/td>\n<\/tr>\n<\/tbody>\n<\/table>\n<\/div>\n","protected":false},"excerpt":{"rendered":"<p>GPC &#8211; The Great Pumpkin Commonwealth: dei gr\u00e9issten international Associatioun fir Risek\u00fcrbissen EGVA &#8211; European Giant Vegetable Grower&#8217;s Association den 2008 gegr\u00ebnnte Ver\u00e4in vun den europ\u00e4esche Fr\u00ebnn vu Risek\u00fcrbissen an anerem Risegem\u00e9is d&#8217;Mamm vun alle Risek\u00fcrbisseiten \u00a0 De Kiwanis Club Uelzechtdall<\/p>\n","protected":false},"author":1,"featured_media":0,"parent":0,"menu_order":7,"comment_status":"closed","ping_status":"closed","template":"","meta":{"ngg_post_thumbnail":0,"jetpack_post_was_ever_published":false,"footnotes":""},"class_list":["post-497","page","type-page","status-publish","hentry"],"jetpack_sharing_enabled":true,"jetpack_shortlink":"https:\/\/wp.me\/P5Qynt-81","jetpack_likes_enabled":true,"_links":{"self":[{"href":"https:\/\/www.kuerbis.lu\/index.php?rest_route=\/wp\/v2\/pages\/497"}],"collection":[{"href":"https:\/\/www.kuerbis.lu\/index.php?rest_route=\/wp\/v2\/pages"}],"about":[{"href":"https:\/\/www.kuerbis.lu\/index.php?rest_route=\/wp\/v2\/types\/page"}],"author":[{"embeddable":true,"href":"https:\/\/www.kuerbis.lu\/index.php?rest_route=\/wp\/v2\/users\/1"}],"replies":[{"embeddable":true,"href":"https:\/\/www.kuerbis.lu\/index.php?rest_route=%2Fwp%2Fv2%2Fcomments&post=497"}],"version-history":[{"count":7,"href":"https:\/\/www.kuerbis.lu\/index.php?rest_route=\/wp\/v2\/pages\/497\/revisions"}],"predecessor-version":[{"id":949,"href":"https:\/\/www.kuerbis.lu\/index.php?rest_route=\/wp\/v2\/pages\/497\/revisions\/949"}],"wp:attachment":[{"href":"https:\/\/www.kuerbis.lu\/index.php?rest_route=%2Fwp%2Fv2%2Fmedia&parent=497"}],"curies":[{"name":"wp","href":"https:\/\/api.w.org\/{rel}","templated":true}]}}